{"id":1959,"date":"2020-03-30T17:49:12","date_gmt":"2020-03-30T17:49:12","guid":{"rendered":"https:\/\/ceipsantmiquellliria.es\/?page_id=1959"},"modified":"2020-03-30T18:22:18","modified_gmt":"2020-03-30T18:22:18","slug":"programacions-de-tasques-setmana-30-03-abril","status":"publish","type":"page","link":"https:\/\/ceipsantmiquellliria.es\/?page_id=1959","title":{"rendered":"PROGRAMACIONS DE TASQUES SETMANA 30-03 ABRIL"},"content":{"rendered":"\t\t<div data-elementor-type=\"wp-page\" data-elementor-id=\"1959\" class=\"elementor elementor-1959\">\n\t\t\t\t\t\t<section class=\"elementor-section elementor-top-section elementor-element elementor-element-a1765d9 elementor-section-full_width elementor-section-height-default elementor-section-height-default\" data-id=\"a1765d9\" data-element_type=\"section\">\n\t\t\t\t\t\t<div class=\"elementor-container elementor-column-gap-default\">\n\t\t\t\t\t<div class=\"elementor-column elementor-col-100 elementor-top-column elementor-element elementor-element-d2b32fb\" data-id=\"d2b32fb\" data-element_type=\"column\">\n\t\t\t<div class=\"elementor-widget-wrap elementor-element-populated\">\n\t\t\t\t\t\t<div class=\"elementor-element elementor-element-05e30cb elementor-button-warning elementor-align-center elementor-widget elementor-widget-button\" data-id=\"05e30cb\" data-element_type=\"widget\" data-widget_type=\"button.default\">\n\t\t\t\t<div class=\"elementor-widget-container\">\n\t\t\t\t\t<div class=\"elementor-button-wrapper\">\n\t\t\t<a class=\"elementor-button elementor-button-link elementor-size-sm\" href=\"https:\/\/drive.google.com\/file\/d\/1t5dpfiel0N7NDHtPX1c1ZSACOLEOojfw\/view?usp=sharing\">\n\t\t\t\t\t\t<span class=\"elementor-button-content-wrapper\">\n\t\t\t\t\t\t<span class=\"elementor-button-icon elementor-align-icon-left\">\n\t\t\t\t<i aria-hidden=\"true\" class=\"far fa-file-pdf\"><\/i>\t\t\t<\/span>\n\t\t\t\t\t\t\t\t\t<span class=\"elementor-button-text\">PROGRAMACI\u00d3 SETMANAL PRIMER DE PRIM\u00c0RIA<\/span>\n\t\t\t\t\t<\/span>\n\t\t\t\t\t<\/a>\n\t\t<\/div>\n\t\t\t\t<\/div>\n\t\t\t\t<\/div>\n\t\t\t\t<div class=\"elementor-element elementor-element-29e48d0 elementor-button-warning elementor-align-center elementor-widget elementor-widget-button\" data-id=\"29e48d0\" data-element_type=\"widget\" data-widget_type=\"button.default\">\n\t\t\t\t<div class=\"elementor-widget-container\">\n\t\t\t\t\t<div class=\"elementor-button-wrapper\">\n\t\t\t<a class=\"elementor-button elementor-button-link elementor-size-sm\" href=\"https:\/\/drive.google.com\/file\/d\/1oovjHI0-kxeZQPcItLMNW2a20BRl3-Lx\/view?usp=sharing\">\n\t\t\t\t\t\t<span class=\"elementor-button-content-wrapper\">\n\t\t\t\t\t\t<span class=\"elementor-button-icon elementor-align-icon-left\">\n\t\t\t\t<i aria-hidden=\"true\" class=\"far fa-file-pdf\"><\/i>\t\t\t<\/span>\n\t\t\t\t\t\t\t\t\t<span class=\"elementor-button-text\">PROGRAMACI\u00d3 SETMANAL SEGON DE PRIM\u00c0RIA<\/span>\n\t\t\t\t\t<\/span>\n\t\t\t\t\t<\/a>\n\t\t<\/div>\n\t\t\t\t<\/div>\n\t\t\t\t<\/div>\n\t\t\t\t<div class=\"elementor-element elementor-element-c5f7bb9 elementor-button-warning elementor-align-center elementor-widget elementor-widget-button\" data-id=\"c5f7bb9\" data-element_type=\"widget\" data-widget_type=\"button.default\">\n\t\t\t\t<div class=\"elementor-widget-container\">\n\t\t\t\t\t<div class=\"elementor-button-wrapper\">\n\t\t\t<a class=\"elementor-button elementor-button-link elementor-size-sm\" href=\"https:\/\/drive.google.com\/file\/d\/1kXO8SFXCw-sKrKOcMZWVMTJso59oxrUT\/view?usp=sharing\">\n\t\t\t\t\t\t<span class=\"elementor-button-content-wrapper\">\n\t\t\t\t\t\t<span class=\"elementor-button-icon elementor-align-icon-left\">\n\t\t\t\t<i aria-hidden=\"true\" class=\"far fa-file-pdf\"><\/i>\t\t\t<\/span>\n\t\t\t\t\t\t\t\t\t<span class=\"elementor-button-text\">PROGRAMACI\u00d3 SETMANAL TERCER DE PRIM\u00c0RIA<\/span>\n\t\t\t\t\t<\/span>\n\t\t\t\t\t<\/a>\n\t\t<\/div>\n\t\t\t\t<\/div>\n\t\t\t\t<\/div>\n\t\t\t\t<div class=\"elementor-element elementor-element-33e011e elementor-button-warning elementor-align-center elementor-widget elementor-widget-button\" data-id=\"33e011e\" data-element_type=\"widget\" data-widget_type=\"button.default\">\n\t\t\t\t<div class=\"elementor-widget-container\">\n\t\t\t\t\t<div class=\"elementor-button-wrapper\">\n\t\t\t<a class=\"elementor-button elementor-button-link elementor-size-sm\" href=\"https:\/\/drive.google.com\/file\/d\/1ODO_pW2ix0Tudgytx8D0nVhKvLiFv_Pl\/view?usp=sharing\">\n\t\t\t\t\t\t<span class=\"elementor-button-content-wrapper\">\n\t\t\t\t\t\t<span class=\"elementor-button-icon elementor-align-icon-left\">\n\t\t\t\t<i aria-hidden=\"true\" class=\"far fa-file-pdf\"><\/i>\t\t\t<\/span>\n\t\t\t\t\t\t\t\t\t<span class=\"elementor-button-text\">PROGRAMACI\u00d3 SETMANAL QUART DE PRIM\u00c0RIA<\/span>\n\t\t\t\t\t<\/span>\n\t\t\t\t\t<\/a>\n\t\t<\/div>\n\t\t\t\t<\/div>\n\t\t\t\t<\/div>\n\t\t\t\t<div class=\"elementor-element elementor-element-b7a8ab5 elementor-button-warning elementor-align-center elementor-widget elementor-widget-button\" data-id=\"b7a8ab5\" data-element_type=\"widget\" data-widget_type=\"button.default\">\n\t\t\t\t<div class=\"elementor-widget-container\">\n\t\t\t\t\t<div class=\"elementor-button-wrapper\">\n\t\t\t<a class=\"elementor-button elementor-button-link elementor-size-sm\" href=\"https:\/\/drive.google.com\/open?id=18vz3gzl7EOVAz_NS_DV7_eiYH7wEo_Nt\">\n\t\t\t\t\t\t<span class=\"elementor-button-content-wrapper\">\n\t\t\t\t\t\t<span class=\"elementor-button-icon elementor-align-icon-left\">\n\t\t\t\t<i aria-hidden=\"true\" class=\"far fa-file-pdf\"><\/i>\t\t\t<\/span>\n\t\t\t\t\t\t\t\t\t<span class=\"elementor-button-text\">PROGRAMACI\u00d3 SETMANAL CINQU\u00c8 DE PRIM\u00c0RIA<\/span>\n\t\t\t\t\t<\/span>\n\t\t\t\t\t<\/a>\n\t\t<\/div>\n\t\t\t\t<\/div>\n\t\t\t\t<\/div>\n\t\t\t\t<div class=\"elementor-element elementor-element-738dcf9 elementor-button-warning elementor-align-center elementor-widget elementor-widget-button\" data-id=\"738dcf9\" data-element_type=\"widget\" data-widget_type=\"button.default\">\n\t\t\t\t<div class=\"elementor-widget-container\">\n\t\t\t\t\t<div class=\"elementor-button-wrapper\">\n\t\t\t<a class=\"elementor-button elementor-button-link elementor-size-sm\" href=\"https:\/\/drive.google.com\/file\/d\/1T4RKP5kFj7ZeFdrg-bXCBCpY5PbtIa0K\/view?usp=sharing\">\n\t\t\t\t\t\t<span class=\"elementor-button-content-wrapper\">\n\t\t\t\t\t\t<span class=\"elementor-button-icon elementor-align-icon-left\">\n\t\t\t\t<i aria-hidden=\"true\" class=\"far fa-file-pdf\"><\/i>\t\t\t<\/span>\n\t\t\t\t\t\t\t\t\t<span class=\"elementor-button-text\">PROGRAMACI\u00d3 SETMANAL SIS\u00c8 DE PRIM\u00c0RIA<\/span>\n\t\t\t\t\t<\/span>\n\t\t\t\t\t<\/a>\n\t\t<\/div>\n\t\t\t\t<\/div>\n\t\t\t\t<\/div>\n\t\t\t\t\t<\/div>\n\t\t<\/div>\n\t\t\t\t\t<\/div>\n\t\t<\/section>\n\t\t\t\t<\/div>\n\t\t","protected":false},"excerpt":{"rendered":"<p>PROGRAMACI\u00d3 SETMANAL PRIMER DE PRIM\u00c0RIA PROGRAMACI\u00d3 SETMANAL SEGON DE PRIM\u00c0RIA PROGRAMACI\u00d3 SETMANAL TERCER DE PRIM\u00c0RIA PROGRAMACI\u00d3 SETMANAL QUART DE PRIM\u00c0RIA PROGRAMACI\u00d3 SETMANAL CINQU\u00c8 DE PRIM\u00c0RIA PROGRAMACI\u00d3 SETMANAL SIS\u00c8 DE PRIM\u00c0RIA<\/p>\n","protected":false},"author":11,"featured_media":0,"parent":0,"menu_order":0,"comment_status":"closed","ping_status":"closed","template":"","meta":[],"_links":{"self":[{"href":"https:\/\/ceipsantmiquellliria.es\/index.php?rest_route=\/wp\/v2\/pages\/1959"}],"collection":[{"href":"https:\/\/ceipsantmiquellliria.es\/index.php?rest_route=\/wp\/v2\/pages"}],"about":[{"href":"https:\/\/ceipsantmiquellliria.es\/index.php?rest_route=\/wp\/v2\/types\/page"}],"author":[{"embeddable":true,"href":"https:\/\/ceipsantmiquellliria.es\/index.php?rest_route=\/wp\/v2\/users\/11"}],"replies":[{"embeddable":true,"href":"https:\/\/ceipsantmiquellliria.es\/index.php?rest_route=%2Fwp%2Fv2%2Fcomments&post=1959"}],"version-history":[{"count":12,"href":"https:\/\/ceipsantmiquellliria.es\/index.php?rest_route=\/wp\/v2\/pages\/1959\/revisions"}],"predecessor-version":[{"id":1974,"href":"https:\/\/ceipsantmiquellliria.es\/index.php?rest_route=\/wp\/v2\/pages\/1959\/revisions\/1974"}],"wp:attachment":[{"href":"https:\/\/ceipsantmiquellliria.es\/index.php?rest_route=%2Fwp%2Fv2%2Fmedia&parent=1959"}],"curies":[{"name":"wp","href":"https:\/\/api.w.org\/{rel}","templated":true}]}}