{"id":2047,"date":"2020-04-07T15:18:50","date_gmt":"2020-04-07T15:18:50","guid":{"rendered":"https:\/\/ceipsantmiquellliria.es\/?page_id=2047"},"modified":"2020-06-07T09:49:28","modified_gmt":"2020-06-07T09:49:28","slug":"educacio-fisica-tercer","status":"publish","type":"page","link":"https:\/\/ceipsantmiquellliria.es\/?page_id=2047","title":{"rendered":"EDUCACI\u00d3 F\u00cdSICA TERCER"},"content":{"rendered":"\t\t<div data-elementor-type=\"wp-page\" data-elementor-id=\"2047\" class=\"elementor elementor-2047\">\n\t\t\t\t\t\t<section class=\"elementor-section elementor-top-section elementor-element elementor-element-8b9fa39 elementor-section-full_width elementor-section-height-default elementor-section-height-default\" data-id=\"8b9fa39\" data-element_type=\"section\">\n\t\t\t\t\t\t<div class=\"elementor-container elementor-column-gap-default\">\n\t\t\t\t\t<div class=\"elementor-column elementor-col-100 elementor-top-column elementor-element elementor-element-dfe50ab\" data-id=\"dfe50ab\" data-element_type=\"column\">\n\t\t\t<div class=\"elementor-widget-wrap elementor-element-populated\">\n\t\t\t\t\t\t<div class=\"elementor-element elementor-element-03e862b elementor-view-stacked elementor-shape-circle elementor-widget elementor-widget-icon\" data-id=\"03e862b\" data-element_type=\"widget\" data-widget_type=\"icon.default\">\n\t\t\t\t<div class=\"elementor-widget-container\">\n\t\t\t\t\t<div class=\"elementor-icon-wrapper\">\n\t\t\t<a class=\"elementor-icon elementor-animation-bounce-in\" href=\"https:\/\/drive.google.com\/file\/d\/1WMH2esZCM3nEzGKjHDkgy6ePf615i2W6\/view?usp=sharing\">\n\t\t\t<i aria-hidden=\"true\" class=\"fas fa-file-pdf\"><\/i>\t\t\t<\/a>\n\t\t<\/div>\n\t\t\t\t<\/div>\n\t\t\t\t<\/div>\n\t\t\t\t<div class=\"elementor-element elementor-element-925ec55 elementor-widget elementor-widget-heading\" data-id=\"925ec55\" data-element_type=\"widget\" data-widget_type=\"heading.default\">\n\t\t\t\t<div class=\"elementor-widget-container\">\n\t\t\t<h2 class=\"elementor-heading-title elementor-size-default\">RECOPILACI\u00d3 KAHOOTS 3r DE PRIM\u00c0RIA<\/h2>\t\t<\/div>\n\t\t\t\t<\/div>\n\t\t\t\t\t<\/div>\n\t\t<\/div>\n\t\t\t\t\t<\/div>\n\t\t<\/section>\n\t\t\t\t<section class=\"elementor-section elementor-top-section elementor-element elementor-element-396e160 elementor-section-boxed elementor-section-height-default elementor-section-height-default\" data-id=\"396e160\" data-element_type=\"section\">\n\t\t\t\t\t\t<div class=\"elementor-container elementor-column-gap-default\">\n\t\t\t\t\t<div class=\"elementor-column elementor-col-100 elementor-top-column elementor-element elementor-element-09f61fe\" data-id=\"09f61fe\" data-element_type=\"column\">\n\t\t\t<div class=\"elementor-widget-wrap elementor-element-populated\">\n\t\t\t\t\t\t<div class=\"elementor-element elementor-element-cae68c2 elementor-widget elementor-widget-video\" data-id=\"cae68c2\" data-element_type=\"widget\" data-settings=\"{&quot;youtube_url&quot;:&quot;https:\\\/\\\/youtu.be\\\/fniN0-A5n9A&quot;,&quot;video_type&quot;:&quot;youtube&quot;,&quot;controls&quot;:&quot;yes&quot;}\" data-widget_type=\"video.default\">\n\t\t\t\t<div class=\"elementor-widget-container\">\n\t\t\t\t\t<div class=\"elementor-wrapper elementor-open-inline\">\n\t\t\t<div class=\"elementor-video\"><\/div>\t\t<\/div>\n\t\t\t\t<\/div>\n\t\t\t\t<\/div>\n\t\t\t\t\t<\/div>\n\t\t<\/div>\n\t\t\t\t\t<\/div>\n\t\t<\/section>\n\t\t\t\t<section class=\"elementor-section elementor-top-section elementor-element elementor-element-fff5f4a elementor-section-full_width elementor-section-height-default elementor-section-height-default\" data-id=\"fff5f4a\" data-element_type=\"section\">\n\t\t\t\t\t\t<div class=\"elementor-container elementor-column-gap-default\">\n\t\t\t\t\t<div class=\"elementor-column elementor-col-100 elementor-top-column elementor-element elementor-element-a1d93d5\" data-id=\"a1d93d5\" data-element_type=\"column\">\n\t\t\t<div class=\"elementor-widget-wrap elementor-element-populated\">\n\t\t\t\t\t\t<div class=\"elementor-element elementor-element-45916fd elementor-widget elementor-widget-heading\" data-id=\"45916fd\" data-element_type=\"widget\" data-widget_type=\"heading.default\">\n\t\t\t\t<div class=\"elementor-widget-container\">\n\t\t\t<h2 class=\"elementor-heading-title elementor-size-default\">\u00daLTIMA REACTIVACI\u00d3N DE TODOS LOS KAHOOTS PARA RECUPERACI\u00d3N DE TAREAS NO REALIZADAS<\/h2>\t\t<\/div>\n\t\t\t\t<\/div>\n\t\t\t\t<div class=\"elementor-element elementor-element-10fdfce elementor-widget elementor-widget-text-editor\" data-id=\"10fdfce\" data-element_type=\"widget\" data-widget_type=\"text-editor.default\">\n\t\t\t\t<div class=\"elementor-widget-container\">\n\t\t\t\t\t\t\t<p>Hola chicos y chicas,<br \/>La pr\u00f3xima semana l@s profes tenemos evaluaci\u00f3n, por tanto desde ED. F\u00edsica proponemos una recuperaci\u00f3n de tareas. Hay compa\u00f1eros\/as que por diferentes motivos no han podido hacer alguna o ning\u00fan. Por tanto dejamos esta semana para recuperar y ponerse al d\u00eda en las actividades.<\/p><p>Recordamos que estas actividades no representan ning\u00fan tipo de examen o prueba. En ning\u00fan caso una nota evaluativa va asociada al resultado en puntos; pero entendemos que el esfuerzo o inter\u00e9s participante en ellas se debe reflejar de alguna forma en la nota del trimestre y final. En ning\u00fan caso se bajar\u00e1 la nota a nadie por no hacer las tareas enviadas; solo se subir\u00e1 a aquellos\/se que si han realizado tareas. En esta ocasi\u00f3n el acceso a la actividad puede realizarse directamente desde la web:<\/p><p>https:\/\/kahoot.it\/ o la app indistintamente.<\/p><p>Recuerdo los pasos:<br \/>1\u00ba- Escribir el PIN del juego.<br \/>2\u00ba- Escribir el NICKNAME.<\/p><p><strong>PIN KAHOOT COLPBOL: <span style=\"text-decoration: underline;\">03512015<\/span><\/strong><\/p><p><strong>PIN KAHOOT JOCS TRADICIONALS: <span style=\"text-decoration: underline;\">05937667<\/span><\/strong><\/p><p><strong>PIN KAHOOT H\u00c0BITS SALUDABLES. ACTIVITAT F\u00cdSICA: <span style=\"text-decoration: underline;\">02913746<\/span><\/strong><\/p><p><strong>PIN KAHOOT SENDERISME: <span style=\"text-decoration: underline;\">07469891<\/span><\/strong><\/p><p><strong>PIN KAHOOT EDUCACI\u00d3 F\u00cdSICA SEGON CICLE: <span style=\"text-decoration: underline;\">06513671<\/span><\/strong><\/p><p>\u00a0<\/p><p>Tambi\u00e9n recordamos que se debe seguir una serie de normas:<\/p><p>-El NICKNAME ser\u00e1: NOMBRE Y CURSO (Ejemplo: Felipe 5C)<br \/>-El PLAZO PARA LA REALIZACI\u00d3N DEL JUEGO (<span style=\"text-decoration: underline;\"><strong> LUNES 8 DE JUNIO A LAS 23.00h<\/strong><\/span>)<\/p><p>Al acabar el plazo autom\u00e1ticamente se generar\u00e1 un informe con el alumnado que ha participado.<\/p><p>Para cualquier aclaraci\u00f3n utilizar preferentemente la v\u00eda WEBFAMILIA. Tambi\u00e9n pod\u00e1is utilizar el correo <span style=\"text-decoration: underline;\"><strong>peris_juacin@gva.es<\/strong><\/span><\/p><p>Muchas gracias, y CASI CONSEGUIDO!<\/p>\t\t\t\t\t\t<\/div>\n\t\t\t\t<\/div>\n\t\t\t\t<div class=\"elementor-element elementor-element-6411330 elementor-widget elementor-widget-spacer\" data-id=\"6411330\" data-element_type=\"widget\" data-widget_type=\"spacer.default\">\n\t\t\t\t<div class=\"elementor-widget-container\">\n\t\t\t\t\t<div class=\"elementor-spacer\">\n\t\t\t<div class=\"elementor-spacer-inner\"><\/div>\n\t\t<\/div>\n\t\t\t\t<\/div>\n\t\t\t\t<\/div>\n\t\t\t\t\t<\/div>\n\t\t<\/div>\n\t\t\t\t\t<\/div>\n\t\t<\/section>\n\t\t\t\t<section class=\"elementor-section elementor-top-section elementor-element elementor-element-6efe2c0 elementor-section-boxed elementor-section-height-default elementor-section-height-default\" data-id=\"6efe2c0\" data-element_type=\"section\">\n\t\t\t\t\t\t<div class=\"elementor-container elementor-column-gap-default\">\n\t\t\t\t\t<div class=\"elementor-column elementor-col-100 elementor-top-column elementor-element elementor-element-2a557f2\" data-id=\"2a557f2\" data-element_type=\"column\">\n\t\t\t<div class=\"elementor-widget-wrap elementor-element-populated\">\n\t\t\t\t\t\t<div class=\"elementor-element elementor-element-0894fac elementor-widget elementor-widget-text-editor\" data-id=\"0894fac\" data-element_type=\"widget\" data-widget_type=\"text-editor.default\">\n\t\t\t\t<div class=\"elementor-widget-container\">\n\t\t\t\t\t\t\t<div style=\"width: 100%;\"><div style=\"position: relative; padding-bottom: 50.00%; padding-top: 0; height: 0;\"><iframe style=\"position: absolute; top: 0; left: 0; width: 100%; height: 100%;\" src=\"https:\/\/view.genial.ly\/5ecab301ad9c9e0d8e209292\" width=\"1600px\" height=\"800px\" frameborder=\"0\" scrolling=\"yes\" allowfullscreen=\"allowfullscreen\"><\/iframe><\/div><\/div>\t\t\t\t\t\t<\/div>\n\t\t\t\t<\/div>\n\t\t\t\t\t<\/div>\n\t\t<\/div>\n\t\t\t\t\t<\/div>\n\t\t<\/section>\n\t\t\t\t<section class=\"elementor-section elementor-top-section elementor-element elementor-element-710fdaa elementor-section-boxed elementor-section-height-default elementor-section-height-default\" data-id=\"710fdaa\" data-element_type=\"section\">\n\t\t\t\t\t\t<div class=\"elementor-container elementor-column-gap-default\">\n\t\t\t\t\t<div class=\"elementor-column elementor-col-100 elementor-top-column elementor-element elementor-element-4890afb\" data-id=\"4890afb\" data-element_type=\"column\">\n\t\t\t<div class=\"elementor-widget-wrap elementor-element-populated\">\n\t\t\t\t\t\t<div class=\"elementor-element elementor-element-078e700 elementor-widget-divider--view-line elementor-widget elementor-widget-divider\" data-id=\"078e700\" data-element_type=\"widget\" data-widget_type=\"divider.default\">\n\t\t\t\t<div class=\"elementor-widget-container\">\n\t\t\t\t\t<div class=\"elementor-divider\">\n\t\t\t<span class=\"elementor-divider-separator\">\n\t\t\t\t\t\t<\/span>\n\t\t<\/div>\n\t\t\t\t<\/div>\n\t\t\t\t<\/div>\n\t\t\t\t<div class=\"elementor-element elementor-element-1d6c281 elementor-widget elementor-widget-heading\" data-id=\"1d6c281\" data-element_type=\"widget\" data-widget_type=\"heading.default\">\n\t\t\t\t<div class=\"elementor-widget-container\">\n\t\t\t<h2 class=\"elementor-heading-title elementor-size-default\">REPTE 1 SUPERAT!<\/h2>\t\t<\/div>\n\t\t\t\t<\/div>\n\t\t\t\t<div class=\"elementor-element elementor-element-b0efe65 elementor-widget elementor-widget-video\" data-id=\"b0efe65\" data-element_type=\"widget\" data-settings=\"{&quot;youtube_url&quot;:&quot;https:\\\/\\\/youtu.be\\\/Vk29TX8Zfg4&quot;,&quot;video_type&quot;:&quot;youtube&quot;,&quot;controls&quot;:&quot;yes&quot;}\" data-widget_type=\"video.default\">\n\t\t\t\t<div class=\"elementor-widget-container\">\n\t\t\t\t\t<div class=\"elementor-wrapper elementor-open-inline\">\n\t\t\t<div class=\"elementor-video\"><\/div>\t\t<\/div>\n\t\t\t\t<\/div>\n\t\t\t\t<\/div>\n\t\t\t\t\t<\/div>\n\t\t<\/div>\n\t\t\t\t\t<\/div>\n\t\t<\/section>\n\t\t\t\t<section class=\"elementor-section elementor-top-section elementor-element elementor-element-dae0709 elementor-section-full_width elementor-section-height-default elementor-section-height-default\" data-id=\"dae0709\" data-element_type=\"section\">\n\t\t\t\t\t\t<div class=\"elementor-container elementor-column-gap-default\">\n\t\t\t\t\t<div class=\"elementor-column elementor-col-100 elementor-top-column elementor-element elementor-element-b60d638\" data-id=\"b60d638\" data-element_type=\"column\">\n\t\t\t<div class=\"elementor-widget-wrap elementor-element-populated\">\n\t\t\t\t\t\t<div class=\"elementor-element elementor-element-64f11d7 elementor-view-default elementor-widget elementor-widget-icon\" data-id=\"64f11d7\" data-element_type=\"widget\" data-widget_type=\"icon.default\">\n\t\t\t\t<div class=\"elementor-widget-container\">\n\t\t\t\t\t<div class=\"elementor-icon-wrapper\">\n\t\t\t<div class=\"elementor-icon\">\n\t\t\t<i aria-hidden=\"true\" class=\"fas fa-mail-bulk\"><\/i>\t\t\t<\/div>\n\t\t<\/div>\n\t\t\t\t<\/div>\n\t\t\t\t<\/div>\n\t\t\t\t<div class=\"elementor-element elementor-element-cd7cf61 elementor-widget elementor-widget-heading\" data-id=\"cd7cf61\" data-element_type=\"widget\" data-widget_type=\"heading.default\">\n\t\t\t\t<div class=\"elementor-widget-container\">\n\t\t\t<h2 class=\"elementor-heading-title elementor-size-default\">peris_juacin@gva.es<\/h2>\t\t<\/div>\n\t\t\t\t<\/div>\n\t\t\t\t\t<\/div>\n\t\t<\/div>\n\t\t\t\t\t<\/div>\n\t\t<\/section>\n\t\t\t\t<\/div>\n\t\t","protected":false},"excerpt":{"rendered":"<p>RECOPILACI\u00d3 KAHOOTS 3r DE PRIM\u00c0RIA \u00daLTIMA REACTIVACI\u00d3N DE TODOS LOS KAHOOTS PARA RECUPERACI\u00d3N DE TAREAS NO REALIZADAS Hola chicos y chicas,La pr\u00f3xima semana l@s profes tenemos evaluaci\u00f3n, por tanto desde ED. F\u00edsica proponemos una recuperaci\u00f3n de tareas. Hay compa\u00f1eros\/as que por diferentes motivos no han podido hacer alguna o ning\u00fan. Por tanto dejamos esta semana&#8230;<\/p>\n<p class=\"more-link\"><a href=\"https:\/\/ceipsantmiquellliria.es\/?page_id=2047\"><span>Read More<\/span><i>&#43;<\/i><\/a><\/p>\n","protected":false},"author":11,"featured_media":0,"parent":0,"menu_order":0,"comment_status":"closed","ping_status":"closed","template":"","meta":[],"_links":{"self":[{"href":"https:\/\/ceipsantmiquellliria.es\/index.php?rest_route=\/wp\/v2\/pages\/2047"}],"collection":[{"href":"https:\/\/ceipsantmiquellliria.es\/index.php?rest_route=\/wp\/v2\/pages"}],"about":[{"href":"https:\/\/ceipsantmiquellliria.es\/index.php?rest_route=\/wp\/v2\/types\/page"}],"author":[{"embeddable":true,"href":"https:\/\/ceipsantmiquellliria.es\/index.php?rest_route=\/wp\/v2\/users\/11"}],"replies":[{"embeddable":true,"href":"https:\/\/ceipsantmiquellliria.es\/index.php?rest_route=%2Fwp%2Fv2%2Fcomments&post=2047"}],"version-history":[{"count":54,"href":"https:\/\/ceipsantmiquellliria.es\/index.php?rest_route=\/wp\/v2\/pages\/2047\/revisions"}],"predecessor-version":[{"id":2711,"href":"https:\/\/ceipsantmiquellliria.es\/index.php?rest_route=\/wp\/v2\/pages\/2047\/revisions\/2711"}],"wp:attachment":[{"href":"https:\/\/ceipsantmiquellliria.es\/index.php?rest_route=%2Fwp%2Fv2%2Fmedia&parent=2047"}],"curies":[{"name":"wp","href":"https:\/\/api.w.org\/{rel}","templated":true}]}}