{"id":2230,"date":"2020-04-23T13:46:34","date_gmt":"2020-04-23T13:46:34","guid":{"rendered":"https:\/\/ceipsantmiquellliria.es\/?page_id=2230"},"modified":"2020-06-07T10:11:35","modified_gmt":"2020-06-07T10:11:35","slug":"educacio-fisica-primer","status":"publish","type":"page","link":"https:\/\/ceipsantmiquellliria.es\/?page_id=2230","title":{"rendered":"EDUCACI\u00d3 F\u00cdSICA PRIMER"},"content":{"rendered":"\t\t<div data-elementor-type=\"wp-page\" data-elementor-id=\"2230\" class=\"elementor elementor-2230\">\n\t\t\t\t\t\t<section class=\"elementor-section elementor-top-section elementor-element elementor-element-e66773f elementor-section-full_width elementor-section-height-default elementor-section-height-default\" data-id=\"e66773f\" data-element_type=\"section\">\n\t\t\t\t\t\t<div class=\"elementor-container elementor-column-gap-default\">\n\t\t\t\t\t<div class=\"elementor-column elementor-col-100 elementor-top-column elementor-element elementor-element-96232a0\" data-id=\"96232a0\" data-element_type=\"column\">\n\t\t\t<div class=\"elementor-widget-wrap elementor-element-populated\">\n\t\t\t\t\t\t<div class=\"elementor-element elementor-element-46230eb elementor-view-stacked elementor-shape-circle elementor-widget elementor-widget-icon\" data-id=\"46230eb\" data-element_type=\"widget\" data-widget_type=\"icon.default\">\n\t\t\t\t<div class=\"elementor-widget-container\">\n\t\t\t\t\t<div class=\"elementor-icon-wrapper\">\n\t\t\t<a class=\"elementor-icon elementor-animation-bounce-in\" href=\"https:\/\/drive.google.com\/file\/d\/1FY8feJuSD99rcadR5qUXMJsipeeJhNdr\/view?usp=sharing\">\n\t\t\t<i aria-hidden=\"true\" class=\"fas fa-file-pdf\"><\/i>\t\t\t<\/a>\n\t\t<\/div>\n\t\t\t\t<\/div>\n\t\t\t\t<\/div>\n\t\t\t\t<div class=\"elementor-element elementor-element-2fcaddb elementor-widget elementor-widget-heading\" data-id=\"2fcaddb\" data-element_type=\"widget\" data-widget_type=\"heading.default\">\n\t\t\t\t<div class=\"elementor-widget-container\">\n\t\t\t<h2 class=\"elementor-heading-title elementor-size-default\">REGISTRE RESULTATS KAHOOTS PRIMER CICLE<\/h2>\t\t<\/div>\n\t\t\t\t<\/div>\n\t\t\t\t\t<\/div>\n\t\t<\/div>\n\t\t\t\t\t<\/div>\n\t\t<\/section>\n\t\t\t\t<section class=\"elementor-section elementor-top-section elementor-element elementor-element-2df4667 elementor-section-full_width elementor-section-height-default elementor-section-height-default\" data-id=\"2df4667\" data-element_type=\"section\">\n\t\t\t\t\t\t<div class=\"elementor-container elementor-column-gap-default\">\n\t\t\t\t\t<div class=\"elementor-column elementor-col-100 elementor-top-column elementor-element elementor-element-cef2f07\" data-id=\"cef2f07\" data-element_type=\"column\">\n\t\t\t<div class=\"elementor-widget-wrap elementor-element-populated\">\n\t\t\t\t\t\t<div class=\"elementor-element elementor-element-92b005f elementor-widget elementor-widget-spacer\" data-id=\"92b005f\" data-element_type=\"widget\" data-widget_type=\"spacer.default\">\n\t\t\t\t<div class=\"elementor-widget-container\">\n\t\t\t\t\t<div class=\"elementor-spacer\">\n\t\t\t<div class=\"elementor-spacer-inner\"><\/div>\n\t\t<\/div>\n\t\t\t\t<\/div>\n\t\t\t\t<\/div>\n\t\t\t\t<div class=\"elementor-element elementor-element-540ecf6 elementor-widget elementor-widget-heading\" data-id=\"540ecf6\" data-element_type=\"widget\" data-widget_type=\"heading.default\">\n\t\t\t\t<div class=\"elementor-widget-container\">\n\t\t\t<h2 class=\"elementor-heading-title elementor-size-default\">\u00daLTIMA REACTIVACI\u00d3N DE TODOS LOS KAHOOTS PARA RECUPERACI\u00d3N DE TAREAS NO REALIZADAS<\/h2>\t\t<\/div>\n\t\t\t\t<\/div>\n\t\t\t\t<div class=\"elementor-element elementor-element-6207b98 elementor-widget elementor-widget-text-editor\" data-id=\"6207b98\" data-element_type=\"widget\" data-widget_type=\"text-editor.default\">\n\t\t\t\t<div class=\"elementor-widget-container\">\n\t\t\t\t\t\t\t<p>Hola chicos y chicas,<br \/>La pr\u00f3xima semana l@s profes tenemos evaluaci\u00f3n, por tanto desde ED. F\u00edsica proponemos una recuperaci\u00f3n de tareas. Hay compa\u00f1eros\/as que por diferentes motivos no han podido hacer alguna o ning\u00fan. Por tanto dejamos esta semana para recuperar y ponerse al d\u00eda en las actividades.<\/p><p>Recordamos que estas actividades no representan ning\u00fan tipo de examen o prueba. En ning\u00fan caso una nota evaluativa va asociada al resultado en puntos; pero entendemos que el esfuerzo o inter\u00e9s participante en ellas se debe reflejar de alguna forma en la nota del trimestre y final. En ning\u00fan caso se bajar\u00e1 la nota a nadie por no hacer las tareas enviadas; solo se subir\u00e1 a aquellos\/se que si han realizado tareas. En esta ocasi\u00f3n el acceso a la actividad puede realizarse directamente desde la web:<\/p><p>https:\/\/kahoot.it\/ o la app indistintamente.<\/p><p>Recuerdo los pasos:<br \/>1\u00ba- Escribir el PIN del juego.<br \/>2\u00ba- Escribir el NICKNAME.<\/p><p><strong>PIN KAHOOT SENDERISMO: <span style=\"text-decoration: underline;\">02890123<\/span><\/strong><br \/><strong>PIN KAHOOT LATERALIDAD Y ORIENTACI\u00d3N ESPACIAL: <span style=\"text-decoration: underline;\">01723264<\/span><\/strong><br \/><strong>PIN KAHOOT NUESTRO CUERPO (ESQUEMA CORPORAL): <span style=\"text-decoration: underline;\">01063731<\/span><\/strong><br \/><strong>PIN KAHOOT LOS SENTIDOS: <span style=\"text-decoration: underline;\">04411277<\/span><\/strong><br \/><strong>PIN KAHOOT EN LA CLASE DE ED.F\u00cdSICA: <span style=\"text-decoration: underline;\">0910780<\/span><\/strong><br \/><strong>PIN KAHOOT VALORES EN EL JUEGO: <span style=\"text-decoration: underline;\">016078<\/span><\/strong><\/p><p>Tambi\u00e9n recordamos que se debe seguir una serie de normas:<\/p><p>-El NICKNAME ser\u00e1: NOMBRE Y CURSO (Ejemplo: Felipe 5C)<br \/>-El PLAZO PARA LA REALIZACI\u00d3N DEL JUEGO (<span style=\"text-decoration: underline;\"><strong> LUNES 8 DE JUNIO A LAS 23.00h<\/strong><\/span>)<\/p><p>Al acabar el plazo autom\u00e1ticamente se generar\u00e1 un informe con el alumnado que ha<br \/>participado.<\/p><p>Para cualquier aclaraci\u00f3n utilizar preferentemente la v\u00eda WEBFAMILIA. Tambi\u00e9n pod\u00e1is<br \/>utilizar el correo <span style=\"text-decoration: underline;\"><strong>amate_fra@gva.es<\/strong><\/span><\/p><p>Muchas gracias, y CASI CONSEGUIDO!<\/p>\t\t\t\t\t\t<\/div>\n\t\t\t\t<\/div>\n\t\t\t\t\t<\/div>\n\t\t<\/div>\n\t\t\t\t\t<\/div>\n\t\t<\/section>\n\t\t\t\t<\/div>\n\t\t","protected":false},"excerpt":{"rendered":"<p>REGISTRE RESULTATS KAHOOTS PRIMER CICLE \u00daLTIMA REACTIVACI\u00d3N DE TODOS LOS KAHOOTS PARA RECUPERACI\u00d3N DE TAREAS NO REALIZADAS Hola chicos y chicas,La pr\u00f3xima semana l@s profes tenemos evaluaci\u00f3n, por tanto desde ED. F\u00edsica proponemos una recuperaci\u00f3n de tareas. Hay compa\u00f1eros\/as que por diferentes motivos no han podido hacer alguna o ning\u00fan. Por tanto dejamos esta semana&#8230;<\/p>\n<p class=\"more-link\"><a href=\"https:\/\/ceipsantmiquellliria.es\/?page_id=2230\"><span>Read More<\/span><i>&#43;<\/i><\/a><\/p>\n","protected":false},"author":11,"featured_media":0,"parent":0,"menu_order":0,"comment_status":"closed","ping_status":"closed","template":"","meta":[],"_links":{"self":[{"href":"https:\/\/ceipsantmiquellliria.es\/index.php?rest_route=\/wp\/v2\/pages\/2230"}],"collection":[{"href":"https:\/\/ceipsantmiquellliria.es\/index.php?rest_route=\/wp\/v2\/pages"}],"about":[{"href":"https:\/\/ceipsantmiquellliria.es\/index.php?rest_route=\/wp\/v2\/types\/page"}],"author":[{"embeddable":true,"href":"https:\/\/ceipsantmiquellliria.es\/index.php?rest_route=\/wp\/v2\/users\/11"}],"replies":[{"embeddable":true,"href":"https:\/\/ceipsantmiquellliria.es\/index.php?rest_route=%2Fwp%2Fv2%2Fcomments&post=2230"}],"version-history":[{"count":24,"href":"https:\/\/ceipsantmiquellliria.es\/index.php?rest_route=\/wp\/v2\/pages\/2230\/revisions"}],"predecessor-version":[{"id":2713,"href":"https:\/\/ceipsantmiquellliria.es\/index.php?rest_route=\/wp\/v2\/pages\/2230\/revisions\/2713"}],"wp:attachment":[{"href":"https:\/\/ceipsantmiquellliria.es\/index.php?rest_route=%2Fwp%2Fv2%2Fmedia&parent=2230"}],"curies":[{"name":"wp","href":"https:\/\/api.w.org\/{rel}","templated":true}]}}