{"id":2248,"date":"2020-04-23T14:15:31","date_gmt":"2020-04-23T14:15:31","guid":{"rendered":"https:\/\/ceipsantmiquellliria.es\/?page_id=2248"},"modified":"2020-04-23T14:17:18","modified_gmt":"2020-04-23T14:17:18","slug":"activitat-angles-del-21-al-24-dabril-segon-de-primaria","status":"publish","type":"page","link":"https:\/\/ceipsantmiquellliria.es\/?page_id=2248","title":{"rendered":"ACTIVITAT ANGL\u00c9S DEL 21 AL 24 D&#8217;ABRIL SEGON DE PRIM\u00c0RIA"},"content":{"rendered":"\t\t<div data-elementor-type=\"wp-page\" data-elementor-id=\"2248\" class=\"elementor elementor-2248\">\n\t\t\t\t\t\t<section class=\"elementor-section elementor-top-section elementor-element elementor-element-f02af2d elementor-section-full_width elementor-section-height-default elementor-section-height-default\" data-id=\"f02af2d\" data-element_type=\"section\">\n\t\t\t\t\t\t<div class=\"elementor-container elementor-column-gap-default\">\n\t\t\t\t\t<div class=\"elementor-column elementor-col-100 elementor-top-column elementor-element elementor-element-848a491\" data-id=\"848a491\" data-element_type=\"column\">\n\t\t\t<div class=\"elementor-widget-wrap elementor-element-populated\">\n\t\t\t\t\t\t<div class=\"elementor-element elementor-element-419c6b9 elementor-widget elementor-widget-text-editor\" data-id=\"419c6b9\" data-element_type=\"widget\" data-widget_type=\"text-editor.default\">\n\t\t\t\t<div class=\"elementor-widget-container\">\n\t\t\t\t\t\t\t<p>2nds <br \/>Hola familia, <br \/>Me hab\u00e9is comunicado algunas madres que os ha dado problemas abrir los cuentos de esta semana en vuestros ordenadores , tablets o m\u00f3viles, por ello, os facilito estos enlaces de Youtube, para que pod\u00e1is acceder m\u00e1s f\u00e1cilmente desde cualquier dispositivo, son otros cuentos , espero que os gusten igualmente y disfruten los ni\u00f1os\/as .<\/p><p><br \/>Cuando los hay\u00e1is visto hacer un dibujo del que m\u00e1s os ha gustado.<\/p><p><br \/>1.- Short stories for kids \/10 short stories. The wolf and the seven goats. <br \/>https:\/\/youtu.be\/2EwKdFdcXm8<\/p><p><br \/>2.- Sleepy kittens. <br \/>https:\/\/youtu.be\/8yTuCT-t-9s<\/p><p><br \/>3.-Bin &amp; Bin\/Bedtime Story\/Pete the cat and the missing cupcakes. <br \/>https:\/\/youtu.be\/xhphBT12rZA <br \/><br \/>Mi direcci\u00f3n de correo electr\u00f3nico es: <br \/>mestradeangles1rcicle@gmail.com<\/p><p><br \/>Kisses<\/p><p><br \/>Fina<\/p>\t\t\t\t\t\t<\/div>\n\t\t\t\t<\/div>\n\t\t\t\t\t<\/div>\n\t\t<\/div>\n\t\t\t\t\t<\/div>\n\t\t<\/section>\n\t\t\t\t<\/div>\n\t\t","protected":false},"excerpt":{"rendered":"<p>2nds Hola familia, Me hab\u00e9is comunicado algunas madres que os ha dado problemas abrir los cuentos de esta semana en vuestros ordenadores , tablets o m\u00f3viles, por ello, os facilito estos enlaces de Youtube, para que pod\u00e1is acceder m\u00e1s f\u00e1cilmente desde cualquier dispositivo, son otros cuentos , espero que os gusten igualmente y disfruten los&#8230;<\/p>\n<p class=\"more-link\"><a href=\"https:\/\/ceipsantmiquellliria.es\/?page_id=2248\"><span>Read More<\/span><i>&#43;<\/i><\/a><\/p>\n","protected":false},"author":11,"featured_media":0,"parent":0,"menu_order":0,"comment_status":"closed","ping_status":"closed","template":"","meta":[],"_links":{"self":[{"href":"https:\/\/ceipsantmiquellliria.es\/index.php?rest_route=\/wp\/v2\/pages\/2248"}],"collection":[{"href":"https:\/\/ceipsantmiquellliria.es\/index.php?rest_route=\/wp\/v2\/pages"}],"about":[{"href":"https:\/\/ceipsantmiquellliria.es\/index.php?rest_route=\/wp\/v2\/types\/page"}],"author":[{"embeddable":true,"href":"https:\/\/ceipsantmiquellliria.es\/index.php?rest_route=\/wp\/v2\/users\/11"}],"replies":[{"embeddable":true,"href":"https:\/\/ceipsantmiquellliria.es\/index.php?rest_route=%2Fwp%2Fv2%2Fcomments&post=2248"}],"version-history":[{"count":2,"href":"https:\/\/ceipsantmiquellliria.es\/index.php?rest_route=\/wp\/v2\/pages\/2248\/revisions"}],"predecessor-version":[{"id":2252,"href":"https:\/\/ceipsantmiquellliria.es\/index.php?rest_route=\/wp\/v2\/pages\/2248\/revisions\/2252"}],"wp:attachment":[{"href":"https:\/\/ceipsantmiquellliria.es\/index.php?rest_route=%2Fwp%2Fv2%2Fmedia&parent=2248"}],"curies":[{"name":"wp","href":"https:\/\/api.w.org\/{rel}","templated":true}]}}